{"id":789,"date":"2022-02-23T13:41:46","date_gmt":"2022-02-23T12:41:46","guid":{"rendered":"http:\/\/iconcept-f.fr\/?page_id=789"},"modified":"2022-02-28T06:53:38","modified_gmt":"2022-02-28T05:53:38","slug":"cabinet-iconcept-formation","status":"publish","type":"page","link":"https:\/\/iconcept-f.fr\/index.php\/cabinet-iconcept-formation\/","title":{"rendered":"Qui sommes nous ?"},"content":{"rendered":"<p>[vc_row][vc_column][rev_slider_vc alias=\u00a0\u00bbtraveller-carousel2-1&Prime; el_class=\u00a0\u00bbiconcept_slider\u00a0\u00bb][\/vc_column][\/vc_row][vc_row][vc_column width=\u00a0\u00bb1\/6&Prime;][\/vc_column][vc_column width=\u00a0\u00bb2\/3&Prime; css=\u00a0\u00bb.vc_custom_1511886242049{padding-top: 0px !important;}\u00a0\u00bb]\r\n\r\n<div class=\"wd_empty_space\" data-heightmobile=\"30\" data-heighttablet=\"40\" data-heightdesktop=\"90\">\r\n\r\n<\/div>\r\n      \r\n\r\n\r\n\r\n        \r\n      \r\n    \t\t<div class=\"wd-heading text-center  \" >\r\n\t\t\t\r\n\t\t\t\t\r\n\t\t\t\t<h2 style=\"margin:0;font-family:Ubuntu;font-weight:600;\" >\r\n\t\t\t\t\tNos valeurs\t\t\t\t<\/h2>\r\n\r\n\t\t\t\t<hr style='border-bottom-width: 4px;border-bottom-color: #ff0000; margin: 10px 0;'\/>\t\t\t\t\t\t\t\t<p style=\"font-family:Lora;font-weight:400;font-size:20px;line-height:25px;\" >\r\n\t\t\t\t\tNotre ambition est de proposer des formations adapt\u00e9es aux besoins r\u00e9els des soci\u00e9t\u00e9s afin de sortir des formations catalogues\t\t\t\t<\/p>\r\n\t\t\t\t\t\t\t\t\t\t\r\n\t\t\t\t\t<\/div>\r\n\r\n\t\t\r\n\r\n<div class=\"wd_empty_space\" data-heightmobile=\"40\" data-heighttablet=\"40\" data-heightdesktop=\"40\">\r\n\r\n<\/div>\r\n      \r\n\r\n\r\n\r\n        \r\n      \r\n    [\/vc_column][vc_column width=\u00a0\u00bb1\/6&Prime;][\/vc_column][\/vc_row][vc_row css=\u00a0\u00bb.vc_custom_1514563083727{padding-bottom: 90px !important;}\u00a0\u00bb][vc_column width=\u00a0\u00bb1\/3&Prime;]    \r\n    <div class=\"boxes small layout-3 clearfix \">\r\n      <div class=\"box-container clearfix \" >\r\n                                <div class=\"box-icon\">\r\n                                      <i class=\"fa fa-wrench\"><\/i>\r\n                                <\/div>\r\n                                            <div class=\"box-content\">\r\n          <h3 class=\"box-title-3\">Nos outils<\/h3>\r\n                  <hr>\r\n                <p class=\"box-body\">Des outils puissants de capture de l\u2019activit\u00e9, d\u2019analyse pour la conception de formation et de dispositif adapt\u00e9.<\/p>\r\n              <\/div>\r\n              <\/div>    \r\n    <\/div>      \r\n      \r\n    [\/vc_column][vc_column width=\u00a0\u00bb1\/3&Prime;]    \r\n    <div class=\"boxes small layout-3 clearfix \">\r\n      <div class=\"box-container clearfix \" >\r\n                                <div class=\"box-icon\">\r\n                                      <i class=\"fa fa-users\"><\/i>\r\n                                <\/div>\r\n                                            <div class=\"box-content\">\r\n          <h3 class=\"box-title-3\">Notre champ d\u2019intervention<\/h3>\r\n                  <hr>\r\n                <p class=\"box-body\">Tous secteurs d\u2019activit\u00e9s<\/p>\r\n              <\/div>\r\n              <\/div>    \r\n    <\/div>      \r\n      \r\n    [\/vc_column][vc_column width=\u00a0\u00bb1\/3&Prime;]    \r\n    <div class=\"boxes small layout-3 clearfix \">\r\n      <div class=\"box-container clearfix \" >\r\n                                <div class=\"box-icon\">\r\n                                      <i class=\"fa fa-compass\"><\/i>\r\n                                <\/div>\r\n                                            <div class=\"box-content\">\r\n          <h3 class=\"box-title-3\">Notre zone g\u00e9ographique<\/h3>\r\n                  <hr>\r\n                <p class=\"box-body\">Sur tout l\u2019\u00eele de La R\u00e9union<\/p>\r\n              <\/div>\r\n              <\/div>    \r\n    <\/div>      \r\n      \r\n    [\/vc_column][\/vc_row][vc_row css=\u00a0\u00bb.vc_custom_1514563083727{padding-bottom: 90px !important;}\u00a0\u00bb][vc_column width=\u00a0\u00bb1\/3&Prime;]    \r\n    <div class=\"boxes small layout-3 clearfix \">\r\n      <div class=\"box-container clearfix \" >\r\n                                <div class=\"box-icon\">\r\n                                      <i class=\"fa fa-list\"><\/i>\r\n                                <\/div>\r\n                                            <div class=\"box-content\">\r\n          <h3 class=\"box-title-3\">Notre engagement<\/h3>\r\n                  <hr>\r\n                <p class=\"box-body\">Le respect et le management par la bienveillance<\/p>\r\n              <\/div>\r\n              <\/div>    \r\n    <\/div>      \r\n      \r\n    [\/vc_column][vc_column width=\u00a0\u00bb1\/3&Prime;]    \r\n    <div class=\"boxes small layout-3 clearfix \">\r\n      <div class=\"box-container clearfix \" >\r\n                                <div class=\"box-icon\">\r\n                                      <i class=\"fa fa-rocket\"><\/i>\r\n                                <\/div>\r\n                                            <div class=\"box-content\">\r\n          <h3 class=\"box-title-3\">Nos atouts<\/h3>\r\n                  <hr>\r\n                <p class=\"box-body\">Notre expertise \u2013 notre r\u00e9activit\u00e9 et notre professionnalisme<\/p>\r\n              <\/div>\r\n              <\/div>    \r\n    <\/div>      \r\n      \r\n    [\/vc_column][vc_column width=\u00a0\u00bb1\/3&Prime;]    \r\n    <div class=\"boxes small layout-3 clearfix \">\r\n      <div class=\"box-container clearfix \" >\r\n                                <div class=\"box-icon\">\r\n                                      <i class=\"fa fa-star\"><\/i>\r\n                                <\/div>\r\n                                            <div class=\"box-content\">\r\n          <h3 class=\"box-title-3\">Nos valeurs<\/h3>\r\n                  <hr>\r\n                <p class=\"box-body\">3 P P\u00e9dagogie \u2013 Performance \u2013 Plaisir <\/p>\r\n              <\/div>\r\n              <\/div>    \r\n    <\/div>      \r\n      \r\n    [\/vc_column][\/vc_row]<\/p>\n","protected":false},"excerpt":{"rendered":"<p>[vc_row][vc_column][rev_slider_vc alias=\u00a0\u00bbtraveller-carousel2-1&Prime; el_class=\u00a0\u00bbiconcept_slider\u00a0\u00bb][\/vc_column][\/vc_row][vc_row][vc_column width=\u00a0\u00bb1\/6&Prime;][\/vc_column][vc_column width=\u00a0\u00bb2\/3&Prime; css=\u00a0\u00bb.vc_custom_1511886242049{padding-top: 0px !important;}\u00a0\u00bb][\/vc_column][vc_column width=\u00a0\u00bb1\/6&Prime;][\/vc_column][\/vc_row][vc_row css=\u00a0\u00bb.vc_custom_1514563083727{padding-bottom: 90px !important;}\u00a0\u00bb][vc_column width=\u00a0\u00bb1\/3&Prime;][\/vc_column][vc_column width=\u00a0\u00bb1\/3&Prime;][\/vc_column][vc_column width=\u00a0\u00bb1\/3&Prime;][\/vc_column][\/vc_row][vc_row css=\u00a0\u00bb.vc_custom_1514563083727{padding-bottom: 90px !important;}\u00a0\u00bb][vc_column width=\u00a0\u00bb1\/3&Prime;][\/vc_column][vc_column width=\u00a0\u00bb1\/3&Prime;][\/vc_column][vc_column width=\u00a0\u00bb1\/3&Prime;][\/vc_column][\/vc_row]<\/p>\n","protected":false},"author":1,"featured_media":0,"parent":0,"menu_order":0,"comment_status":"closed","ping_status":"closed","template":"","meta":{"content-type":"","footnotes":""},"class_list":["post-789","page","type-page","status-publish","hentry"],"yoast_head":"<!-- This site is optimized with the Yoast SEO plugin v24.5 - https:\/\/yoast.com\/wordpress\/plugins\/seo\/ -->\n<title>Qui sommes nous ? - IConcept Formation<\/title>\n<meta name=\"robots\" content=\"index, follow, max-snippet:-1, max-image-preview:large, max-video-preview:-1\" \/>\n<link rel=\"canonical\" href=\"http:\/\/iconcept-f.fr\/index.php\/cabinet-iconcept-formation\/\" \/>\n<meta property=\"og:locale\" content=\"fr_FR\" \/>\n<meta property=\"og:type\" content=\"article\" \/>\n<meta property=\"og:title\" content=\"Qui sommes nous ? - IConcept Formation\" \/>\n<meta property=\"og:description\" content=\"[vc_row][vc_column][rev_slider_vc alias=\u00a0\u00bbtraveller-carousel2-1&Prime; el_class=\u00a0\u00bbiconcept_slider\u00a0\u00bb][\/vc_column][\/vc_row][vc_row][vc_column width=\u00a0\u00bb1\/6&Prime;][\/vc_column][vc_column width=\u00a0\u00bb2\/3&Prime; css=\u00a0\u00bb.vc_custom_1511886242049{padding-top: 0px !important;}\u00a0\u00bb][\/vc_column][vc_column width=\u00a0\u00bb1\/6&Prime;][\/vc_column][\/vc_row][vc_row css=\u00a0\u00bb.vc_custom_1514563083727{padding-bottom: 90px !important;}\u00a0\u00bb][vc_column width=\u00a0\u00bb1\/3&Prime;][\/vc_column][vc_column width=\u00a0\u00bb1\/3&Prime;][\/vc_column][vc_column width=\u00a0\u00bb1\/3&Prime;][\/vc_column][\/vc_row][vc_row css=\u00a0\u00bb.vc_custom_1514563083727{padding-bottom: 90px !important;}\u00a0\u00bb][vc_column width=\u00a0\u00bb1\/3&Prime;][\/vc_column][vc_column width=\u00a0\u00bb1\/3&Prime;][\/vc_column][vc_column width=\u00a0\u00bb1\/3&Prime;][\/vc_column][\/vc_row]\" \/>\n<meta property=\"og:url\" content=\"http:\/\/iconcept-f.fr\/index.php\/cabinet-iconcept-formation\/\" \/>\n<meta property=\"og:site_name\" content=\"IConcept Formation\" \/>\n<meta property=\"article:publisher\" content=\"https:\/\/www.facebook.com\/IConceptF\" \/>\n<meta property=\"article:modified_time\" content=\"2022-02-28T05:53:38+00:00\" \/>\n<meta name=\"twitter:card\" content=\"summary_large_image\" \/>\n<meta name=\"twitter:label1\" content=\"Dur\u00e9e de lecture estim\u00e9e\" \/>\n\t<meta name=\"twitter:data1\" content=\"2 minutes\" \/>\n<script type=\"application\/ld+json\" class=\"yoast-schema-graph\">{\"@context\":\"https:\/\/schema.org\",\"@graph\":[{\"@type\":\"WebPage\",\"@id\":\"http:\/\/iconcept-f.fr\/index.php\/cabinet-iconcept-formation\/\",\"url\":\"http:\/\/iconcept-f.fr\/index.php\/cabinet-iconcept-formation\/\",\"name\":\"Qui sommes nous ? - IConcept Formation\",\"isPartOf\":{\"@id\":\"https:\/\/iconcept-f.fr\/#website\"},\"datePublished\":\"2022-02-23T12:41:46+00:00\",\"dateModified\":\"2022-02-28T05:53:38+00:00\",\"breadcrumb\":{\"@id\":\"http:\/\/iconcept-f.fr\/index.php\/cabinet-iconcept-formation\/#breadcrumb\"},\"inLanguage\":\"fr-FR\",\"potentialAction\":[{\"@type\":\"ReadAction\",\"target\":[\"http:\/\/iconcept-f.fr\/index.php\/cabinet-iconcept-formation\/\"]}]},{\"@type\":\"BreadcrumbList\",\"@id\":\"http:\/\/iconcept-f.fr\/index.php\/cabinet-iconcept-formation\/#breadcrumb\",\"itemListElement\":[{\"@type\":\"ListItem\",\"position\":1,\"name\":\"Accueil\",\"item\":\"https:\/\/iconcept-f.fr\/\"},{\"@type\":\"ListItem\",\"position\":2,\"name\":\"Qui sommes nous ?\"}]},{\"@type\":\"WebSite\",\"@id\":\"https:\/\/iconcept-f.fr\/#website\",\"url\":\"https:\/\/iconcept-f.fr\/\",\"name\":\"IConcept Formation\",\"description\":\"Expertise et formation\",\"publisher\":{\"@id\":\"https:\/\/iconcept-f.fr\/#organization\"},\"potentialAction\":[{\"@type\":\"SearchAction\",\"target\":{\"@type\":\"EntryPoint\",\"urlTemplate\":\"https:\/\/iconcept-f.fr\/?s={search_term_string}\"},\"query-input\":{\"@type\":\"PropertyValueSpecification\",\"valueRequired\":true,\"valueName\":\"search_term_string\"}}],\"inLanguage\":\"fr-FR\"},{\"@type\":\"Organization\",\"@id\":\"https:\/\/iconcept-f.fr\/#organization\",\"name\":\"Ing\u00e9ni\u00e9rie Concept Formation\",\"url\":\"https:\/\/iconcept-f.fr\/\",\"logo\":{\"@type\":\"ImageObject\",\"inLanguage\":\"fr-FR\",\"@id\":\"https:\/\/iconcept-f.fr\/#\/schema\/logo\/image\/\",\"url\":\"http:\/\/iconcept-f.fr\/wp-content\/uploads\/2022\/02\/logo-print-hdwithout-text.jpg\",\"contentUrl\":\"http:\/\/iconcept-f.fr\/wp-content\/uploads\/2022\/02\/logo-print-hdwithout-text.jpg\",\"width\":1320,\"height\":1300,\"caption\":\"Ing\u00e9ni\u00e9rie Concept Formation\"},\"image\":{\"@id\":\"https:\/\/iconcept-f.fr\/#\/schema\/logo\/image\/\"},\"sameAs\":[\"https:\/\/www.facebook.com\/IConceptF\"]}]}<\/script>\n<!-- \/ Yoast SEO plugin. -->","yoast_head_json":{"title":"Qui sommes nous ? - IConcept Formation","robots":{"index":"index","follow":"follow","max-snippet":"max-snippet:-1","max-image-preview":"max-image-preview:large","max-video-preview":"max-video-preview:-1"},"canonical":"http:\/\/iconcept-f.fr\/index.php\/cabinet-iconcept-formation\/","og_locale":"fr_FR","og_type":"article","og_title":"Qui sommes nous ? - IConcept Formation","og_description":"[vc_row][vc_column][rev_slider_vc alias=\u00a0\u00bbtraveller-carousel2-1&Prime; el_class=\u00a0\u00bbiconcept_slider\u00a0\u00bb][\/vc_column][\/vc_row][vc_row][vc_column width=\u00a0\u00bb1\/6&Prime;][\/vc_column][vc_column width=\u00a0\u00bb2\/3&Prime; css=\u00a0\u00bb.vc_custom_1511886242049{padding-top: 0px !important;}\u00a0\u00bb][\/vc_column][vc_column width=\u00a0\u00bb1\/6&Prime;][\/vc_column][\/vc_row][vc_row css=\u00a0\u00bb.vc_custom_1514563083727{padding-bottom: 90px !important;}\u00a0\u00bb][vc_column width=\u00a0\u00bb1\/3&Prime;][\/vc_column][vc_column width=\u00a0\u00bb1\/3&Prime;][\/vc_column][vc_column width=\u00a0\u00bb1\/3&Prime;][\/vc_column][\/vc_row][vc_row css=\u00a0\u00bb.vc_custom_1514563083727{padding-bottom: 90px !important;}\u00a0\u00bb][vc_column width=\u00a0\u00bb1\/3&Prime;][\/vc_column][vc_column width=\u00a0\u00bb1\/3&Prime;][\/vc_column][vc_column width=\u00a0\u00bb1\/3&Prime;][\/vc_column][\/vc_row]","og_url":"http:\/\/iconcept-f.fr\/index.php\/cabinet-iconcept-formation\/","og_site_name":"IConcept Formation","article_publisher":"https:\/\/www.facebook.com\/IConceptF","article_modified_time":"2022-02-28T05:53:38+00:00","twitter_card":"summary_large_image","twitter_misc":{"Dur\u00e9e de lecture estim\u00e9e":"2 minutes"},"schema":{"@context":"https:\/\/schema.org","@graph":[{"@type":"WebPage","@id":"http:\/\/iconcept-f.fr\/index.php\/cabinet-iconcept-formation\/","url":"http:\/\/iconcept-f.fr\/index.php\/cabinet-iconcept-formation\/","name":"Qui sommes nous ? - IConcept Formation","isPartOf":{"@id":"https:\/\/iconcept-f.fr\/#website"},"datePublished":"2022-02-23T12:41:46+00:00","dateModified":"2022-02-28T05:53:38+00:00","breadcrumb":{"@id":"http:\/\/iconcept-f.fr\/index.php\/cabinet-iconcept-formation\/#breadcrumb"},"inLanguage":"fr-FR","potentialAction":[{"@type":"ReadAction","target":["http:\/\/iconcept-f.fr\/index.php\/cabinet-iconcept-formation\/"]}]},{"@type":"BreadcrumbList","@id":"http:\/\/iconcept-f.fr\/index.php\/cabinet-iconcept-formation\/#breadcrumb","itemListElement":[{"@type":"ListItem","position":1,"name":"Accueil","item":"https:\/\/iconcept-f.fr\/"},{"@type":"ListItem","position":2,"name":"Qui sommes nous ?"}]},{"@type":"WebSite","@id":"https:\/\/iconcept-f.fr\/#website","url":"https:\/\/iconcept-f.fr\/","name":"IConcept Formation","description":"Expertise et formation","publisher":{"@id":"https:\/\/iconcept-f.fr\/#organization"},"potentialAction":[{"@type":"SearchAction","target":{"@type":"EntryPoint","urlTemplate":"https:\/\/iconcept-f.fr\/?s={search_term_string}"},"query-input":{"@type":"PropertyValueSpecification","valueRequired":true,"valueName":"search_term_string"}}],"inLanguage":"fr-FR"},{"@type":"Organization","@id":"https:\/\/iconcept-f.fr\/#organization","name":"Ing\u00e9ni\u00e9rie Concept Formation","url":"https:\/\/iconcept-f.fr\/","logo":{"@type":"ImageObject","inLanguage":"fr-FR","@id":"https:\/\/iconcept-f.fr\/#\/schema\/logo\/image\/","url":"http:\/\/iconcept-f.fr\/wp-content\/uploads\/2022\/02\/logo-print-hdwithout-text.jpg","contentUrl":"http:\/\/iconcept-f.fr\/wp-content\/uploads\/2022\/02\/logo-print-hdwithout-text.jpg","width":1320,"height":1300,"caption":"Ing\u00e9ni\u00e9rie Concept Formation"},"image":{"@id":"https:\/\/iconcept-f.fr\/#\/schema\/logo\/image\/"},"sameAs":["https:\/\/www.facebook.com\/IConceptF"]}]}},"_links":{"self":[{"href":"https:\/\/iconcept-f.fr\/index.php\/wp-json\/wp\/v2\/pages\/789","targetHints":{"allow":["GET"]}}],"collection":[{"href":"https:\/\/iconcept-f.fr\/index.php\/wp-json\/wp\/v2\/pages"}],"about":[{"href":"https:\/\/iconcept-f.fr\/index.php\/wp-json\/wp\/v2\/types\/page"}],"author":[{"embeddable":true,"href":"https:\/\/iconcept-f.fr\/index.php\/wp-json\/wp\/v2\/users\/1"}],"replies":[{"embeddable":true,"href":"https:\/\/iconcept-f.fr\/index.php\/wp-json\/wp\/v2\/comments?post=789"}],"version-history":[{"count":15,"href":"https:\/\/iconcept-f.fr\/index.php\/wp-json\/wp\/v2\/pages\/789\/revisions"}],"predecessor-version":[{"id":863,"href":"https:\/\/iconcept-f.fr\/index.php\/wp-json\/wp\/v2\/pages\/789\/revisions\/863"}],"wp:attachment":[{"href":"https:\/\/iconcept-f.fr\/index.php\/wp-json\/wp\/v2\/media?parent=789"}],"curies":[{"name":"wp","href":"https:\/\/api.w.org\/{rel}","templated":true}]}}